{"id":2,"date":"2022-08-22T15:17:08","date_gmt":"2022-08-22T15:17:08","guid":{"rendered":"https:\/\/www.lepicipasky.cz\/?page_id=2"},"modified":"2024-07-22T11:52:25","modified_gmt":"2024-07-22T11:52:25","slug":"sample-page","status":"publish","type":"page","link":"https:\/\/www.lepicipasky.cz\/","title":{"rendered":"Lepic\u00ed p\u00e1sky s potiskem"},"content":{"rendered":"\n<div class=\"wp-block-columns alignfull main-text is-layout-flex wp-container-core-columns-is-layout-1 wp-block-columns-is-layout-flex\">\n<div class=\"wp-block-column is-layout-flow wp-block-column-is-layout-flow\">\n<p class=\"has-text-align-center\">Specializujeme se na v\u00fdrobu a prodej lep\u00edc\u00edch p\u00e1sek s potiskem.<br>Lepic\u00ed p\u00e1sky s potiskem \u0161it\u00e9 na m\u00edru jsou d\u016fle\u017eit\u00e9 pro v\u0161echny zna\u010dky, kter\u00fdm z\u00e1le\u017e\u00ed na vizu\u00e1ln\u00ed identit\u011b. Prov\u00e1d\u00edme tisky sendvi\u010dovou technologi\u00ed na polypropylenov\u00e9 f\u00f3lii s v\u00fdb\u011brem akryl\u00e1tov\u00e9ho nebo hotmeltov\u00e9ho lepidla.<\/p>\n\n\n\n<p class=\"has-text-align-center\">Vypl\u0148te nez\u00e1vazn\u011b objedn\u00e1vkov\u00fd formul\u00e1\u0159. My se v\u00e1m ozveme a na detailech se domluv\u00edme. Standardn\u00ed doba dod\u00e1n\u00ed je 21 dn\u00ed od odsouhlasen\u00ed tiskov\u00fdch n\u00e1vrh\u016f.<\/p>\n<\/div>\n<\/div>\n\n\n\n<figure class=\"wp-block-image size-large img-web\"><img decoding=\"async\" src=\"https:\/\/www.lepicipasky.cz\/wp-content\/uploads\/2022\/08\/LP_web_illustration.png\" alt=\"\" title=\"\"\/><\/figure>\n\n\n\n<figure class=\"wp-block-image alignwide size-large img-mobile\"><img loading=\"lazy\" decoding=\"async\" width=\"374\" height=\"1024\" src=\"https:\/\/www.lepicipasky.cz\/wp-content\/uploads\/2022\/09\/LP_illustration-374x1024.png\" alt=\"\" class=\"wp-image-256\" title=\"\" srcset=\"https:\/\/www.lepicipasky.cz\/wp-content\/uploads\/2022\/09\/LP_illustration-374x1024.png 374w, https:\/\/www.lepicipasky.cz\/wp-content\/uploads\/2022\/09\/LP_illustration-768x2105.png 768w, https:\/\/www.lepicipasky.cz\/wp-content\/uploads\/2022\/09\/LP_illustration-747x2048.png 747w, https:\/\/www.lepicipasky.cz\/wp-content\/uploads\/2022\/09\/LP_illustration.png 1125w\" sizes=\"(max-width: 374px) 100vw, 374px\" \/><\/figure>\n\n\n\n<div class=\"wp-block-columns alignwide has-ast-global-color-4-background-color has-background is-layout-flex wp-container-core-columns-is-layout-2 wp-block-columns-is-layout-flex\">\n<div class=\"wp-block-column is-layout-flow wp-block-column-is-layout-flow\">\n<div class=\"wpcf7 no-js\" id=\"wpcf7-f510-o1\" lang=\"en-US\" dir=\"ltr\" data-wpcf7-id=\"510\">\n<div class=\"screen-reader-response\"><p role=\"status\" aria-live=\"polite\" aria-atomic=\"true\"><\/p> <ul><\/ul><\/div>\n<form action=\"\/index.php\/wp-json\/wp\/v2\/pages\/2#wpcf7-f510-o1\" method=\"post\" class=\"wpcf7-form init\" aria-label=\"Contact form\" novalidate=\"novalidate\" data-status=\"init\">\n<div style=\"display: none;\">\n<input type=\"hidden\" name=\"_wpcf7\" value=\"510\" \/>\n<input type=\"hidden\" name=\"_wpcf7_version\" value=\"6.0.6\" \/>\n<input type=\"hidden\" name=\"_wpcf7_locale\" value=\"en_US\" \/>\n<input type=\"hidden\" name=\"_wpcf7_unit_tag\" value=\"wpcf7-f510-o1\" \/>\n<input type=\"hidden\" name=\"_wpcf7_container_post\" value=\"0\" \/>\n<input type=\"hidden\" name=\"_wpcf7_posted_data_hash\" value=\"\" \/>\n<\/div>\n<div class=\"poptavka\">\n\t<h2 id=\"form\">Formul\u00e1\u0159\n\t<\/h2>\n\t<div class=\"form-poptavka\">\n\t\t<div class=\"columns-poptavka\">\n\t\t\t<div class=\"left-col-poptavka\">\n\t\t\t\t<h3>\u0160\u00ed\u0159e p\u00e1sky\n\t\t\t\t<\/h3>\n\t\t\t\t<section class=\"pasky\">\n\t\t\t\t\t<p><span class=\"wpcf7-form-control-wrap\" data-name=\"sire-pasky\"><span class=\"wpcf7-form-control wpcf7-radio\"><span class=\"wpcf7-list-item first\"><label><input type=\"radio\" name=\"sire-pasky\" value=\"25mm\" \/><span class=\"wpcf7-list-item-label\">25mm<\/span><\/label><\/span><span class=\"wpcf7-list-item\"><label><input type=\"radio\" name=\"sire-pasky\" value=\"50mm\" \/><span class=\"wpcf7-list-item-label\">50mm<\/span><\/label><\/span><span class=\"wpcf7-list-item\"><label><input type=\"radio\" name=\"sire-pasky\" value=\"75mm\" \/><span class=\"wpcf7-list-item-label\">75mm<\/span><\/label><\/span><span class=\"wpcf7-list-item\"><label><input type=\"radio\" name=\"sire-pasky\" value=\"100mm\" \/><span class=\"wpcf7-list-item-label\">100mm<\/span><\/label><\/span><span class=\"wpcf7-list-item last\"><label><input type=\"radio\" name=\"sire-pasky\" value=\"150mm\" \/><span class=\"wpcf7-list-item-label\">150mm<\/span><\/label><\/span><\/span><\/span>\n\t\t\t\t\t<\/p>\n\t\t\t\t<\/section>\n\t\t\t\t<h3>Lepidlo\n\t\t\t\t<\/h3>\n\t\t\t\t<section>\n\t\t\t\t\t<p><span class=\"wpcf7-form-control-wrap\" data-name=\"lepidlo\"><span class=\"wpcf7-form-control wpcf7-radio\"><span class=\"wpcf7-list-item first\"><label><input type=\"radio\" name=\"lepidlo\" value=\"Akrylatove lepidlo\" \/><span class=\"wpcf7-list-item-label\">Akrylatove lepidlo<\/span><\/label><\/span><span class=\"wpcf7-list-item last\"><label><input type=\"radio\" name=\"lepidlo\" value=\"Hotmelt lepidlo\" \/><span class=\"wpcf7-list-item-label\">Hotmelt lepidlo<\/span><\/label><\/span><\/span><\/span>\n\t\t\t\t\t<\/p>\n\t\t\t\t<\/section>\n\t\t\t\t<h3>Po\u010det barev k tisku\n\t\t\t\t<\/h3>\n\t\t\t\t<section class=\"barev-tisku\">\n\t\t\t\t\t<p><span class=\"wpcf7-form-control-wrap\" data-name=\"barev-tisku\"><span class=\"wpcf7-form-control wpcf7-radio\"><span class=\"wpcf7-list-item first\"><label><input type=\"radio\" name=\"barev-tisku\" value=\"1\" \/><span class=\"wpcf7-list-item-label\">1<\/span><\/label><\/span><span class=\"wpcf7-list-item\"><label><input type=\"radio\" name=\"barev-tisku\" value=\"2\" \/><span class=\"wpcf7-list-item-label\">2<\/span><\/label><\/span><span class=\"wpcf7-list-item\"><label><input type=\"radio\" name=\"barev-tisku\" value=\"3\" \/><span class=\"wpcf7-list-item-label\">3<\/span><\/label><\/span><span class=\"wpcf7-list-item\"><label><input type=\"radio\" name=\"barev-tisku\" value=\"4\" \/><span class=\"wpcf7-list-item-label\">4<\/span><\/label><\/span><span class=\"wpcf7-list-item\"><label><input type=\"radio\" name=\"barev-tisku\" value=\"5\" \/><span class=\"wpcf7-list-item-label\">5<\/span><\/label><\/span><span class=\"wpcf7-list-item\"><label><input type=\"radio\" name=\"barev-tisku\" value=\"6\" \/><span class=\"wpcf7-list-item-label\">6<\/span><\/label><\/span><span class=\"wpcf7-list-item\"><label><input type=\"radio\" name=\"barev-tisku\" value=\"7\" \/><span class=\"wpcf7-list-item-label\">7<\/span><\/label><\/span><span class=\"wpcf7-list-item last\"><label><input type=\"radio\" name=\"barev-tisku\" value=\"8\" \/><span class=\"wpcf7-list-item-label\">8<\/span><\/label><\/span><\/span><\/span>\n\t\t\t\t\t<\/p>\n\t\t\t\t<\/section>\n\t\t\t\t<h3>N\u00e1vin\n\t\t\t\t<\/h3>\n\t\t\t\t<section class=\"navin\">\n\t\t\t\t\t<p><span class=\"wpcf7-form-control-wrap\" data-name=\"navin\"><span class=\"wpcf7-form-control wpcf7-radio\"><span class=\"wpcf7-list-item first\"><label><input type=\"radio\" name=\"navin\" value=\"66m\" \/><span class=\"wpcf7-list-item-label\">66m<\/span><\/label><\/span><span class=\"wpcf7-list-item\"><label><input type=\"radio\" name=\"navin\" value=\"132m\" \/><span class=\"wpcf7-list-item-label\">132m<\/span><\/label><\/span><span class=\"wpcf7-list-item\"><label><input type=\"radio\" name=\"navin\" value=\"180m\" \/><span class=\"wpcf7-list-item-label\">180m<\/span><\/label><\/span><span class=\"wpcf7-list-item last\"><label><input type=\"radio\" name=\"navin\" value=\"jiny\u0301\" \/><span class=\"wpcf7-list-item-label\">jiny\u0301<\/span><\/label><\/span><\/span><\/span>\n\t\t\t\t\t<\/p>\n\t\t\t\t<\/section>\n\t\t\t<\/div>\n\t\t\t<div class=\"right-col-poptavka\">\n\t\t\t\t<h3>Barva p\u00e1sky\n\t\t\t\t<\/h3>\n\t\t\t\t<section class=\"barva\">\n\t\t\t\t\t<p><span class=\"wpcf7-form-control-wrap\" data-name=\"barva-pasky\"><span class=\"wpcf7-form-control wpcf7-radio\"><span class=\"wpcf7-list-item first\"><label><input type=\"radio\" name=\"barva-pasky\" value=\"b\u00edl\u00e1\" \/><span class=\"wpcf7-list-item-label\">b\u00edl\u00e1<\/span><\/label><\/span><span class=\"wpcf7-list-item\"><label><input type=\"radio\" name=\"barva-pasky\" value=\"pr\u016fhledn\u00e1\" \/><span class=\"wpcf7-list-item-label\">pr\u016fhledn\u00e1<\/span><\/label><\/span><span class=\"wpcf7-list-item\"><label><input type=\"radio\" name=\"barva-pasky\" value=\"hn\u011bd\u00e1\" \/><span class=\"wpcf7-list-item-label\">hn\u011bd\u00e1<\/span><\/label><\/span><span class=\"wpcf7-list-item\"><label><input type=\"radio\" name=\"barva-pasky\" value=\"\u010derven\u00e1\" \/><span class=\"wpcf7-list-item-label\">\u010derven\u00e1<\/span><\/label><\/span><span class=\"wpcf7-list-item\"><label><input type=\"radio\" name=\"barva-pasky\" value=\"modr\u00e1\" \/><span class=\"wpcf7-list-item-label\">modr\u00e1<\/span><\/label><\/span><span class=\"wpcf7-list-item\"><label><input type=\"radio\" name=\"barva-pasky\" value=\"zelen\u00e1\" \/><span class=\"wpcf7-list-item-label\">zelen\u00e1<\/span><\/label><\/span><span class=\"wpcf7-list-item\"><label><input type=\"radio\" name=\"barva-pasky\" value=\"\u017elut\u00e1\" \/><span class=\"wpcf7-list-item-label\">\u017elut\u00e1<\/span><\/label><\/span><span class=\"wpcf7-list-item\"><label><input type=\"radio\" name=\"barva-pasky\" value=\"\u010dern\u00e1\" \/><span class=\"wpcf7-list-item-label\">\u010dern\u00e1<\/span><\/label><\/span><span class=\"wpcf7-list-item last\"><label><input type=\"radio\" name=\"barva-pasky\" value=\"jin\u00e1\" \/><span class=\"wpcf7-list-item-label\">jin\u00e1<\/span><\/label><\/span><\/span><\/span>\n\t\t\t\t\t<\/p>\n\t\t\t\t<\/section>\n\t\t\t\t<h3>Po\u010det lepic\u00edch p\u00e1sek k vy\u0301rob\u011b\n\t\t\t\t<\/h3>\n\t\t\t\t<section class=\"pocet\">\n\t\t\t\t\t<p><span class=\"wpcf7-form-control-wrap\" data-name=\"pocet\"><span class=\"wpcf7-form-control wpcf7-radio\"><span class=\"wpcf7-list-item first\"><label><input type=\"radio\" name=\"pocet\" value=\"504\" \/><span class=\"wpcf7-list-item-label\">504<\/span><\/label><\/span><span class=\"wpcf7-list-item\"><label><input type=\"radio\" name=\"pocet\" value=\"720\" \/><span class=\"wpcf7-list-item-label\">720<\/span><\/label><\/span><span class=\"wpcf7-list-item\"><label><input type=\"radio\" name=\"pocet\" value=\"1008\" \/><span class=\"wpcf7-list-item-label\">1008<\/span><\/label><\/span><span class=\"wpcf7-list-item\"><label><input type=\"radio\" name=\"pocet\" value=\"1440\" \/><span class=\"wpcf7-list-item-label\">1440<\/span><\/label><\/span><span class=\"wpcf7-list-item\"><label><input type=\"radio\" name=\"pocet\" value=\"2376\" \/><span class=\"wpcf7-list-item-label\">2376<\/span><\/label><\/span><span class=\"wpcf7-list-item last\"><label><input type=\"radio\" name=\"pocet\" value=\"4752\" \/><span class=\"wpcf7-list-item-label\">4752<\/span><\/label><\/span><\/span><\/span>\n\t\t\t\t\t<\/p>\n\t\t\t\t<\/section>\n\t\t\t\t<h3>Va\u0161e odhadovan\u00e1 ro\u010dn\u00ed spot\u0159eba p\u00e1sek\n\t\t\t\t<\/h3>\n\t\t\t\t<section class=\"rocni-spotreva\">\n\t\t\t\t\t<p><span class=\"wpcf7-form-control-wrap\" data-name=\"rocni-spotreba\"><span class=\"wpcf7-form-control wpcf7-radio\"><span class=\"wpcf7-list-item first\"><label><input type=\"radio\" name=\"rocni-spotreba\" value=\"504\" \/><span class=\"wpcf7-list-item-label\">504<\/span><\/label><\/span><span class=\"wpcf7-list-item\"><label><input type=\"radio\" name=\"rocni-spotreba\" value=\"1000\" \/><span class=\"wpcf7-list-item-label\">1000<\/span><\/label><\/span><span class=\"wpcf7-list-item\"><label><input type=\"radio\" name=\"rocni-spotreba\" value=\"1500\" \/><span class=\"wpcf7-list-item-label\">1500<\/span><\/label><\/span><span class=\"wpcf7-list-item\"><label><input type=\"radio\" name=\"rocni-spotreba\" value=\"2500\" \/><span class=\"wpcf7-list-item-label\">2500<\/span><\/label><\/span><span class=\"wpcf7-list-item\"><label><input type=\"radio\" name=\"rocni-spotreba\" value=\"5000\" \/><span class=\"wpcf7-list-item-label\">5000<\/span><\/label><\/span><span class=\"wpcf7-list-item last\"><label><input type=\"radio\" name=\"rocni-spotreba\" value=\"10000\" \/><span class=\"wpcf7-list-item-label\">10000<\/span><\/label><\/span><\/span><\/span>\n\t\t\t\t\t<\/p>\n\t\t\t\t<\/section>\n\t\t\t<\/div>\n\t\t<\/div>\n\t\t<div class=\"message-poptavka\">\n\t\t\t<div class=\"form-row\">\n\t\t\t\t<div class=\"grid-50\">\n\t\t\t\t\t<p><span class=\"wpcf7-form-control-wrap\" data-name=\"jmeno\"><input size=\"40\" maxlength=\"400\" class=\"wpcf7-form-control wpcf7-text wpcf7-validates-as-required\" aria-required=\"true\" aria-invalid=\"false\" placeholder=\"Va\u0161e jm\u00e9no\" value=\"\" type=\"text\" name=\"jmeno\" \/><\/span>\n\t\t\t\t\t<\/p>\n\t\t\t\t<\/div>\n\t\t\t\t<div class=\"grid-50\">\n\t\t\t\t\t<p><span class=\"wpcf7-form-control-wrap\" data-name=\"e-mail\"><input size=\"40\" maxlength=\"400\" class=\"wpcf7-form-control wpcf7-email wpcf7-validates-as-required wpcf7-text wpcf7-validates-as-email\" aria-required=\"true\" aria-invalid=\"false\" placeholder=\"Email\" value=\"\" type=\"email\" name=\"e-mail\" \/><\/span>\n\t\t\t\t\t<\/p>\n\t\t\t\t<\/div>\n\t\t\t<\/div>\n\t\t\t<div class=\"form-row\">\n\t\t\t\t<div class=\"grid-50\">\n\t\t\t\t\t<p><span class=\"wpcf7-form-control-wrap\" data-name=\"tel-53\"><input size=\"40\" maxlength=\"400\" class=\"wpcf7-form-control wpcf7-tel wpcf7-validates-as-required wpcf7-text wpcf7-validates-as-tel\" aria-required=\"true\" aria-invalid=\"false\" placeholder=\"Telefon\" value=\"\" type=\"tel\" name=\"tel-53\" \/><\/span>\n\t\t\t\t\t<\/p>\n\t\t\t\t<\/div>\n\t\t\t\t<div class=\"grid-50\">\n\t\t\t\t\t<p><span class=\"wpcf7-form-control-wrap\" data-name=\"ico\"><input size=\"40\" maxlength=\"400\" class=\"wpcf7-form-control wpcf7-text wpcf7-validates-as-required\" aria-required=\"true\" aria-invalid=\"false\" placeholder=\"ICO\" value=\"\" type=\"text\" name=\"ico\" \/><\/span>\n\t\t\t\t\t<\/p>\n\t\t\t\t<\/div>\n\t\t\t<\/div>\n\t\t\t<p><span class=\"wpcf7-form-control-wrap\" data-name=\"your-message\"><textarea cols=\"40\" rows=\"10\" maxlength=\"2000\" class=\"wpcf7-form-control wpcf7-textarea\" aria-invalid=\"false\" placeholder=\"Pozn\u00e1mka\" name=\"your-message\"><\/textarea><\/span>\n\t\t\t<\/p>\n\t\t\t<p class=\"submit\"><input class=\"wpcf7-form-control wpcf7-submit has-spinner\" type=\"submit\" value=\"ODESLAT\" \/>\n\t\t\t<\/p>\n\t\t<\/div>\n\t<\/div>\n<\/div><div class=\"wpcf7-response-output\" aria-hidden=\"true\"><\/div>\n<\/form>\n<\/div>\n\n<\/div>\n<\/div>\n\n\n\n<p><\/p>\n","protected":false},"excerpt":{"rendered":"<p>Specializujeme se na v\u00fdrobu a prodej lep\u00edc\u00edch p\u00e1sek s potiskem.Lepic\u00ed p\u00e1sky s potiskem \u0161it\u00e9 na m\u00edru jsou d\u016fle\u017eit\u00e9 pro v\u0161echny zna\u010dky, kter\u00fdm z\u00e1le\u017e\u00ed na vizu\u00e1ln\u00ed identit\u011b. Prov\u00e1d\u00edme tisky sendvi\u010dovou technologi\u00ed na polypropylenov\u00e9 f\u00f3lii s v\u00fdb\u011brem akryl\u00e1tov\u00e9ho nebo hotmeltov\u00e9ho lepidla. Vypl\u0148te nez\u00e1vazn\u011b objedn\u00e1vkov\u00fd formul\u00e1\u0159. My se v\u00e1m ozveme a na detailech se domluv\u00edme. Standardn\u00ed doba dod\u00e1n\u00ed [&hellip;]<\/p>\n","protected":false},"author":1,"featured_media":0,"parent":0,"menu_order":0,"comment_status":"closed","ping_status":"open","template":"","meta":{"site-sidebar-layout":"default","site-content-layout":"","ast-site-content-layout":"default","site-content-style":"default","site-sidebar-style":"default","ast-global-header-display":"","ast-banner-title-visibility":"","ast-main-header-display":"","ast-hfb-above-header-display":"","ast-hfb-below-header-display":"","ast-hfb-mobile-header-display":"","site-post-title":"","ast-breadcrumbs-content":"","ast-featured-img":"","footer-sml-layout":"","theme-transparent-header-meta":"","adv-header-id-meta":"","stick-header-meta":"","header-above-stick-meta":"","header-main-stick-meta":"","header-below-stick-meta":"","astra-migrate-meta-layouts":"set","ast-page-background-enabled":"default","ast-page-background-meta":{"desktop":{"background-color":"var(--ast-global-color-4)","background-image":"","background-repeat":"repeat","background-position":"center center","background-size":"auto","background-attachment":"scroll","background-type":"","background-media":"","overlay-type":"","overlay-color":"","overlay-opacity":"","overlay-gradient":""},"tablet":{"background-color":"","background-image":"","background-repeat":"repeat","background-position":"center center","background-size":"auto","background-attachment":"scroll","background-type":"","background-media":"","overlay-type":"","overlay-color":"","overlay-opacity":"","overlay-gradient":""},"mobile":{"background-color":"","background-image":"","background-repeat":"repeat","background-position":"center center","background-size":"auto","background-attachment":"scroll","background-type":"","background-media":"","overlay-type":"","overlay-color":"","overlay-opacity":"","overlay-gradient":""}},"ast-content-background-meta":{"desktop":{"background-color":"var(--ast-global-color-5)","background-image":"","background-repeat":"repeat","background-position":"center center","background-size":"auto","background-attachment":"scroll","background-type":"","background-media":"","overlay-type":"","overlay-color":"","overlay-opacity":"","overlay-gradient":""},"tablet":{"background-color":"var(--ast-global-color-5)","background-image":"","background-repeat":"repeat","background-position":"center center","background-size":"auto","background-attachment":"scroll","background-type":"","background-media":"","overlay-type":"","overlay-color":"","overlay-opacity":"","overlay-gradient":""},"mobile":{"background-color":"var(--ast-global-color-5)","background-image":"","background-repeat":"repeat","background-position":"center center","background-size":"auto","background-attachment":"scroll","background-type":"","background-media":"","overlay-type":"","overlay-color":"","overlay-opacity":"","overlay-gradient":""}},"footnotes":""},"class_list":["post-2","page","type-page","status-publish","hentry"],"_links":{"self":[{"href":"https:\/\/www.lepicipasky.cz\/index.php\/wp-json\/wp\/v2\/pages\/2"}],"collection":[{"href":"https:\/\/www.lepicipasky.cz\/index.php\/wp-json\/wp\/v2\/pages"}],"about":[{"href":"https:\/\/www.lepicipasky.cz\/index.php\/wp-json\/wp\/v2\/types\/page"}],"author":[{"embeddable":true,"href":"https:\/\/www.lepicipasky.cz\/index.php\/wp-json\/wp\/v2\/users\/1"}],"replies":[{"embeddable":true,"href":"https:\/\/www.lepicipasky.cz\/index.php\/wp-json\/wp\/v2\/comments?post=2"}],"version-history":[{"count":6,"href":"https:\/\/www.lepicipasky.cz\/index.php\/wp-json\/wp\/v2\/pages\/2\/revisions"}],"predecessor-version":[{"id":513,"href":"https:\/\/www.lepicipasky.cz\/index.php\/wp-json\/wp\/v2\/pages\/2\/revisions\/513"}],"wp:attachment":[{"href":"https:\/\/www.lepicipasky.cz\/index.php\/wp-json\/wp\/v2\/media?parent=2"}],"curies":[{"name":"wp","href":"https:\/\/api.w.org\/{rel}","templated":true}]}}