{"id":441,"date":"2022-10-28T08:23:13","date_gmt":"2022-10-28T08:23:13","guid":{"rendered":"https:\/\/www.lepicipasky.cz\/?page_id=441"},"modified":"2022-10-28T08:36:57","modified_gmt":"2022-10-28T08:36:57","slug":"zasady-zpracovani-osobnich-udaju","status":"publish","type":"page","link":"https:\/\/www.lepicipasky.cz\/index.php\/zasady-zpracovani-osobnich-udaju\/","title":{"rendered":"\u00a0Z\u00c1SADY ZPRACOV\u00c1N\u00cd OSOBN\u00cdCH \u00daDAJ\u016e\u00a0"},"content":{"rendered":"\n<div class=\"wp-block-columns alignfull main-text is-layout-flex wp-container-core-columns-is-layout-1 wp-block-columns-is-layout-flex\" style=\"padding-top:0px;padding-right:100px;padding-bottom:0px;padding-left:100px\">\n<div class=\"wp-block-column is-layout-flow wp-block-column-is-layout-flow\">\n<p><strong>1.INFORMACE O \u00da\u010cELU A ROZSAHU U\u017dIT\u00cd OSOBN\u00cdCH \u00daDAJ\u016e\u00a0<br><\/strong>1.1.Spr\u00e1vcem osobn\u00edch \u00fadaj\u016f je:\u00a0<\/p>\n\n\n\n<p>Spole\u010dnost Manu4 s.r.o.&nbsp;<br>I\u010c 28194888,&nbsp;<br>s\u00eddlem 27009 Krup\u00e1, Krup\u00e1 162,&nbsp;<br>zapsan\u00e9 v obchodn\u00edm rejst\u0159\u00edku veden\u00e9m M\u011bstsk\u00fdm soudem v Praze, odd\u00edl C, vlo\u017eka 132014&nbsp;<br>tel.: +420 739 298 699&nbsp;<br>email: info@manu4.cz&nbsp;<br>(d\u00e1le jen \u201eprod\u00e1vaj\u00edc\u00ed\u201c)&nbsp;<\/p>\n\n\n\n<p>1.2.Kupuj\u00edc\u00ed nebo z\u00e1jemce, kter\u00fd je fyzickou osobou, bere na v\u011bdom\u00ed, \u017ee aby mohla b\u00fdt jeho objedn\u00e1vka nebo nab\u00eddka realizov\u00e1na, je nezbytn\u00e9, aby byly u prod\u00e1vaj\u00edc\u00edho ulo\u017eeny (a d\u00e1le v nezbytn\u00e9m rozsahu poskytnuty dal\u0161\u00edm subjekt\u016fm za \u00fa\u010delem realizace kupn\u00ed smlouvy) n\u00e1sleduj\u00edc\u00ed osobn\u00ed \u00fadaje: jm\u00e9na, p\u0159\u00edjmen\u00ed, I\u010cO, s\u00eddlo\/m\u00edsto podnik\u00e1n\u00ed, nebo bydli\u0161t\u011b, da\u0148ov\u00e9 identifika\u010dn\u00ed \u010d\u00edslo, adresa elektronick\u00e9 po\u0161ty a telefonn\u00ed \u010d\u00edslo (d\u00e1le jen \u201eosobn\u00ed \u00fadaje\u201c).&nbsp;<\/p>\n\n\n\n<p>1.3.Prod\u00e1vaj\u00edc\u00ed se zavazuje osobn\u00ed \u00fadaje chr\u00e1nit a poskytnout je t\u0159et\u00edm osob\u00e1m pouze v nezbytn\u011b nutn\u00e9m rozsahu pro \u00fa\u010dely realizace pr\u00e1v a povinnost\u00ed vypl\u00fdvaj\u00edc\u00edch z kupn\u00ed smlouvy uzav\u0159en\u00e9 mezi prod\u00e1vaj\u00edc\u00edm a kupuj\u00edc\u00edm, pro \u00fa\u010dely spln\u011bn\u00ed sv\u00fdch pr\u00e1vn\u00edch povinnost\u00ed a pro \u00fa\u010dely sv\u00fdch opr\u00e1vn\u011bn\u00fdch z\u00e1jm\u016f. V tomto rozsahu se pro zpracov\u00e1n\u00ed osobn\u00edch \u00fadaj\u016f nevy\u017eaduje souhlas kupuj\u00edc\u00edho.&nbsp;<\/p>\n\n\n\n<p>1.4.Osobn\u00ed \u00fadaje budou prod\u00e1vaj\u00edc\u00edm ulo\u017eeny po nezbytn\u011b nutnou dobu, kter\u00e1 zpravidla \u010din\u00ed dobu pro uplatn\u011bn\u00ed pr\u00e1v z vadn\u00e9ho pln\u011bn\u00ed, p\u0159\u00edpadn\u011b dobu existence z\u00e1kaznick\u00e9ho \u00fa\u010dtu kupuj\u00edc\u00edho.&nbsp;<\/p>\n\n\n\n<p>1.5.Prod\u00e1vaj\u00edc\u00ed je opr\u00e1vn\u011bn v souladu s p\u0159\u00edslu\u0161n\u00fdmi ustanoven\u00edmi pr\u00e1vn\u00edch p\u0159edpis\u016f (Z\u00e1kon o n\u011bkter\u00fdch slu\u017eb\u00e1ch informa\u010dn\u00ed spole\u010dnosti) pou\u017e\u00edt adresu elektronick\u00e9 po\u0161ty pro pot\u0159eby \u0161\u00ed\u0159en\u00ed obchodn\u00edch sd\u011blen\u00ed t\u00fdkaj\u00edc\u00edch se vlastn\u00edch v\u00fdrobk\u016f a slu\u017eeb a dal\u0161\u00edch informac\u00ed o sv\u00fdch v\u00fdrobc\u00edch a slu\u017eb\u00e1ch. Kupuj\u00edc\u00ed m\u00e1 v\u017edy mo\u017enost p\u0159i zasl\u00e1n\u00ed ka\u017ed\u00e9ho jednotliv\u00e9ho obchodn\u00edho sd\u011blen\u00ed \u010di informace, toto zas\u00edl\u00e1n\u00ed bezplatn\u011b odm\u00edtnout.&nbsp;<\/p>\n\n\n\n<p>1.6.Dal\u0161\u00edmi p\u0159\u00edjemci osobn\u00edch \u00fadaj\u016f kupuj\u00edc\u00edho budou v\u00fdhradn\u011b zas\u00edlatelsk\u00e9 spole\u010dnosti a dal\u0161\u00ed subjekty, kter\u00e9 se pod\u00edlej\u00ed na dod\u00e1n\u00ed zbo\u017e\u00ed \u010di realizaci plateb na z\u00e1klad\u011b kupn\u00ed smlouvy uzav\u0159en\u00e9 mezi prod\u00e1vaj\u00edc\u00edm a kupuj\u00edc\u00edm. Prod\u00e1vaj\u00edc\u00ed nem\u00e1 v \u00famyslu p\u0159edat osobn\u00ed \u00fadaje do zem\u011b mimo EU nebo mezin\u00e1rodn\u00edm organizac\u00edm.&nbsp;<\/p>\n\n\n\n<p>1.7.Ve\u0161ker\u00e9 z\u00edskan\u00e9 osobn\u00ed \u00fadaje zpracov\u00e1van\u00e9 prod\u00e1vaj\u00edc\u00edm jsou zpracov\u00e1v\u00e1ny korektn\u011b, z\u00e1konn\u00fdm a transparentn\u00edm zp\u016fsobem, kter\u00fd zaji\u0161\u0165uje jejich n\u00e1le\u017eit\u00e9 zabezpe\u010den\u00ed, aby nemohlo doj\u00edt k neautorizovan\u00e9mu p\u0159\u00edstupu k osobn\u00edm \u00fadaj\u016fm, jejich zm\u011bn\u011b \u010di zni\u010den\u00ed.&nbsp;<\/p>\n\n\n\n<p>1.8.Zpracov\u00e1n\u00ed osobn\u00edch \u00fadaj\u016f prob\u00edh\u00e1 bu\u010f v elektronick\u00e9 podob\u011b automatizovan\u00fdm zp\u016fsobem nebo v ti\u0161t\u011bn\u00e9 podob\u011b neautomatizovan\u00fdm zp\u016fsobem.&nbsp;<\/p>\n\n\n\n<p>1.9.Prod\u00e1vaj\u00edc\u00ed nem\u00e1 pov\u011b\u0159ence pro ochranu osobn\u00edch \u00fadaj\u016f.&nbsp;<\/p>\n\n\n\n<p><strong>2.PR\u00c1VA SUBJEKT\u016e \u00daDAJ\u016e\u00a0<\/strong><\/p>\n\n\n\n<p>2.1.Kupuj\u00edc\u00ed nebo z\u00e1jemce jako subjekt \u00fadaj\u016f m\u00e1 pr\u00e1vo po\u017eadovat za podm\u00ednek Obecn\u00e9ho na\u0159\u00edzen\u00ed o ochran\u011b osobn\u00edch \u00fadaj\u016f (Na\u0159\u00edzen\u00edm Evropsk\u00e9ho Parlamentu a Rady (EU) 2016\/679) po prod\u00e1vaj\u00edc\u00edm, aby mu umo\u017enil p\u0159\u00edstup k jeho osobn\u00edm \u00fadaj\u016fm, pop\u0159. aby omezil jejich zpracov\u00e1n\u00ed.&nbsp;<\/p>\n\n\n\n<p>2.2.Kupuj\u00edc\u00ed nebo z\u00e1jemce m\u00e1 d\u00e1le pr\u00e1vo za podm\u00ednek Obecn\u00e9ho na\u0159\u00edzen\u00ed o ochran\u011b osobn\u00edch \u00fadaj\u016f na opravu nebo v\u00fdmaz sv\u00fdch osobn\u00edch \u00fadaj\u016f, pr\u00e1vo vzn\u00e9st n\u00e1mitku proti jejich zpracov\u00e1n\u00ed a d\u00e1le pr\u00e1vo na p\u0159enositelnost sv\u00fdch osobn\u00edch \u00fadaj\u016f.&nbsp;<\/p>\n\n\n\n<p>2.3.Kupuj\u00edc\u00ed nebo z\u00e1jemce nem\u00e1 povinnost osobn\u00ed \u00fadaje poskytnout. Bez jejich poskytnut\u00ed v\u0161ak nen\u00ed uzav\u0159en\u00ed kupn\u00ed smlouvy a pln\u011bn\u00ed t\u00e9to kupn\u00ed smlouvy ze strany prod\u00e1vaj\u00edc\u00edho mo\u017en\u00e9.&nbsp;<\/p>\n\n\n\n<p><strong>3.NASAZEN\u00cd COOKIES\u00a0<\/strong><\/p>\n\n\n\n<p>3.1.Cookies jsou alfanumerick\u00e9 identifika\u010dn\u00ed zna\u010dky, kter\u00e9 p\u0159en\u00e1\u0161\u00ed prod\u00e1vaj\u00edc\u00ed prost\u0159ednictv\u00edm webov\u00e9ho prohl\u00ed\u017ee\u010de kupuj\u00edc\u00edho na pevn\u00fd tisk kupuj\u00edc\u00edho. Ka\u017ed\u00e1 cookie je jedine\u010dn\u00e1 a umo\u017e\u0148uje webov\u00e9 str\u00e1nce pamatovat si v\u011bci, jako jsou p\u0159ihla\u0161ovac\u00ed \u00fadaje nebo obsah popt\u00e1vkov\u00e9ho formul\u00e1\u0159e.&nbsp;<\/p>\n\n\n\n<p>3.2.Je v\u0161ak mo\u017en\u00e9, \u017ee odm\u00edtnut\u00ed nebo omezen\u00ed u\u017e\u00edv\u00e1n\u00ed cookies bude m\u00edt za n\u00e1sledek, \u017ee nebude mo\u017en\u00e9 prov\u00e1d\u011bn\u00ed popt\u00e1vek zbo\u017e\u00ed na str\u00e1nk\u00e1ch prod\u00e1vaj\u00edc\u00edho.&nbsp;<\/p>\n<\/div>\n<\/div>\n","protected":false},"excerpt":{"rendered":"<p>1.INFORMACE O \u00da\u010cELU A ROZSAHU U\u017dIT\u00cd OSOBN\u00cdCH \u00daDAJ\u016e\u00a01.1.Spr\u00e1vcem osobn\u00edch \u00fadaj\u016f je:\u00a0 Spole\u010dnost Manu4 s.r.o.&nbsp;I\u010c 28194888,&nbsp;s\u00eddlem 27009 Krup\u00e1, Krup\u00e1 162,&nbsp;zapsan\u00e9 v obchodn\u00edm rejst\u0159\u00edku veden\u00e9m M\u011bstsk\u00fdm soudem v Praze, odd\u00edl C, vlo\u017eka 132014&nbsp;tel.: +420 739 298 699&nbsp;email: info@manu4.cz&nbsp;(d\u00e1le jen \u201eprod\u00e1vaj\u00edc\u00ed\u201c)&nbsp; 1.2.Kupuj\u00edc\u00ed nebo z\u00e1jemce, kter\u00fd je fyzickou osobou, bere na v\u011bdom\u00ed, \u017ee aby mohla b\u00fdt jeho objedn\u00e1vka nebo [&hellip;]<\/p>\n","protected":false},"author":1,"featured_media":0,"parent":0,"menu_order":0,"comment_status":"closed","ping_status":"closed","template":"","meta":{"site-sidebar-layout":"default","site-content-layout":"","ast-site-content-layout":"","site-content-style":"default","site-sidebar-style":"default","ast-global-header-display":"","ast-banner-title-visibility":"","ast-main-header-display":"","ast-hfb-above-header-display":"","ast-hfb-below-header-display":"","ast-hfb-mobile-header-display":"","site-post-title":"","ast-breadcrumbs-content":"","ast-featured-img":"","footer-sml-layout":"","theme-transparent-header-meta":"","adv-header-id-meta":"","stick-header-meta":"","header-above-stick-meta":"","header-main-stick-meta":"","header-below-stick-meta":"","astra-migrate-meta-layouts":"default","ast-page-background-enabled":"default","ast-page-background-meta":{"desktop":{"background-color":"var(--ast-global-color-4)","background-image":"","background-repeat":"repeat","background-position":"center center","background-size":"auto","background-attachment":"scroll","background-type":"","background-media":"","overlay-type":"","overlay-color":"","overlay-opacity":"","overlay-gradient":""},"tablet":{"background-color":"","background-image":"","background-repeat":"repeat","background-position":"center center","background-size":"auto","background-attachment":"scroll","background-type":"","background-media":"","overlay-type":"","overlay-color":"","overlay-opacity":"","overlay-gradient":""},"mobile":{"background-color":"","background-image":"","background-repeat":"repeat","background-position":"center center","background-size":"auto","background-attachment":"scroll","background-type":"","background-media":"","overlay-type":"","overlay-color":"","overlay-opacity":"","overlay-gradient":""}},"ast-content-background-meta":{"desktop":{"background-color":"var(--ast-global-color-5)","background-image":"","background-repeat":"repeat","background-position":"center center","background-size":"auto","background-attachment":"scroll","background-type":"","background-media":"","overlay-type":"","overlay-color":"","overlay-opacity":"","overlay-gradient":""},"tablet":{"background-color":"var(--ast-global-color-5)","background-image":"","background-repeat":"repeat","background-position":"center center","background-size":"auto","background-attachment":"scroll","background-type":"","background-media":"","overlay-type":"","overlay-color":"","overlay-opacity":"","overlay-gradient":""},"mobile":{"background-color":"var(--ast-global-color-5)","background-image":"","background-repeat":"repeat","background-position":"center center","background-size":"auto","background-attachment":"scroll","background-type":"","background-media":"","overlay-type":"","overlay-color":"","overlay-opacity":"","overlay-gradient":""}},"footnotes":""},"class_list":["post-441","page","type-page","status-publish","hentry"],"_links":{"self":[{"href":"https:\/\/www.lepicipasky.cz\/index.php\/wp-json\/wp\/v2\/pages\/441"}],"collection":[{"href":"https:\/\/www.lepicipasky.cz\/index.php\/wp-json\/wp\/v2\/pages"}],"about":[{"href":"https:\/\/www.lepicipasky.cz\/index.php\/wp-json\/wp\/v2\/types\/page"}],"author":[{"embeddable":true,"href":"https:\/\/www.lepicipasky.cz\/index.php\/wp-json\/wp\/v2\/users\/1"}],"replies":[{"embeddable":true,"href":"https:\/\/www.lepicipasky.cz\/index.php\/wp-json\/wp\/v2\/comments?post=441"}],"version-history":[{"count":7,"href":"https:\/\/www.lepicipasky.cz\/index.php\/wp-json\/wp\/v2\/pages\/441\/revisions"}],"predecessor-version":[{"id":451,"href":"https:\/\/www.lepicipasky.cz\/index.php\/wp-json\/wp\/v2\/pages\/441\/revisions\/451"}],"wp:attachment":[{"href":"https:\/\/www.lepicipasky.cz\/index.php\/wp-json\/wp\/v2\/media?parent=441"}],"curies":[{"name":"wp","href":"https:\/\/api.w.org\/{rel}","templated":true}]}}